{"id":15,"date":"2015-10-05T02:43:43","date_gmt":"2015-10-05T05:43:43","guid":{"rendered":"http:\/\/localhost\/fifv\/?page_id=15"},"modified":"2017-10-25T12:26:18","modified_gmt":"2017-10-25T12:26:18","slug":"dialogos-fotograficos","status":"publish","type":"page","link":"https:\/\/www.fifv.cl\/2017\/dialogos-fotograficos\/","title":{"rendered":"Di\u00e1logos Fotogr\u00e1ficos"},"content":{"rendered":"<p>Cada a\u00f1o, el Festival Internacional de Fotograf\u00eda de Valpara\u00edso invita a distintas personalidades del \u00e1mbito de la fotograf\u00eda, fot\u00f3grafas y fot\u00f3grafos, curadores, investigadores, colectivos, editores a conversar con el p\u00fablico presente sobre diversos temas relacionados la fotograf\u00eda.<\/p>\n<p>Esta iniciativa se propone como una instancia de encuentro en torno a la fotograf\u00eda\u00a0actual, en modalidad de entrevistas, conversatorios, mesas redondas, djbooks.<\/p>\n<p><strong>Todos los Di\u00e1logos Fotogr\u00e1ficos se realizar\u00e1n en El Internado\u00a0<\/strong>(pasaje Dimalow 167, Cerro Alegre), de 19:30 a 21:30 horas.<\/p>\n","protected":false},"excerpt":{"rendered":"<p>Cada a\u00f1o, el Festival Internacional de Fotograf\u00eda de Valpara\u00edso invita a distintas personalidades del \u00e1mbito de la fotograf\u00eda, fot\u00f3grafas y fot\u00f3grafos, curadores, investigadores, colectivos, editores a conversar con el p\u00fablico [&hellip;]<\/p>\n","protected":false},"author":1,"featured_media":4778,"parent":0,"menu_order":4,"comment_status":"closed","ping_status":"closed","template":"page-fifv-dialogos.php","meta":{"footnotes":""},"class_list":["post-15","page","type-page","status-publish","has-post-thumbnail","hentry"],"yoast_head":"<!-- This site is optimized with the Yoast SEO plugin v27.4 - https:\/\/yoast.com\/product\/yoast-seo-wordpress\/ -->\n<title>Di\u00e1logos Fotogr\u00e1ficos - Festival Internacional de Fotograf&iacute;a en Valpara&iacute;so | FIFV.cl<\/title>\n<meta name=\"robots\" content=\"index, follow, max-snippet:-1, max-image-preview:large, max-video-preview:-1\" \/>\n<link rel=\"canonical\" href=\"https:\/\/www.fifv.cl\/2017\/dialogos-fotograficos\/\" \/>\n<meta property=\"og:locale\" content=\"es_ES\" \/>\n<meta property=\"og:type\" content=\"article\" \/>\n<meta property=\"og:title\" content=\"Di\u00e1logos Fotogr\u00e1ficos - Festival Internacional de Fotograf&iacute;a en Valpara&iacute;so | FIFV.cl\" \/>\n<meta property=\"og:description\" content=\"Cada a\u00f1o, el Festival Internacional de Fotograf\u00eda de Valpara\u00edso invita a distintas personalidades del \u00e1mbito de la fotograf\u00eda, fot\u00f3grafas y fot\u00f3grafos, curadores, investigadores, colectivos, editores a conversar con el p\u00fablico [&hellip;]\" \/>\n<meta property=\"og:url\" content=\"https:\/\/www.fifv.cl\/2017\/dialogos-fotograficos\/\" \/>\n<meta property=\"og:site_name\" content=\"Festival Internacional de Fotograf&iacute;a en Valpara&iacute;so | FIFV.cl\" \/>\n<meta property=\"article:modified_time\" content=\"2017-10-25T12:26:18+00:00\" \/>\n<meta name=\"twitter:card\" content=\"summary_large_image\" \/>\n<script type=\"application\/ld+json\" class=\"yoast-schema-graph\">{\"@context\":\"https:\\\/\\\/schema.org\",\"@graph\":[{\"@type\":\"WebPage\",\"@id\":\"https:\\\/\\\/www.fifv.cl\\\/2017\\\/dialogos-fotograficos\\\/\",\"url\":\"https:\\\/\\\/www.fifv.cl\\\/2017\\\/dialogos-fotograficos\\\/\",\"name\":\"Di\u00e1logos Fotogr\u00e1ficos - Festival Internacional de Fotograf&iacute;a en Valpara&iacute;so | FIFV.cl\",\"isPartOf\":{\"@id\":\"https:\\\/\\\/www.fifv.cl\\\/2017\\\/#website\"},\"primaryImageOfPage\":{\"@id\":\"https:\\\/\\\/www.fifv.cl\\\/2017\\\/dialogos-fotograficos\\\/#primaryimage\"},\"image\":{\"@id\":\"https:\\\/\\\/www.fifv.cl\\\/2017\\\/dialogos-fotograficos\\\/#primaryimage\"},\"thumbnailUrl\":\"\",\"datePublished\":\"2015-10-05T05:43:43+00:00\",\"dateModified\":\"2017-10-25T12:26:18+00:00\",\"breadcrumb\":{\"@id\":\"https:\\\/\\\/www.fifv.cl\\\/2017\\\/dialogos-fotograficos\\\/#breadcrumb\"},\"inLanguage\":\"es\",\"potentialAction\":[{\"@type\":\"ReadAction\",\"target\":[\"https:\\\/\\\/www.fifv.cl\\\/2017\\\/dialogos-fotograficos\\\/\"]}]},{\"@type\":\"ImageObject\",\"inLanguage\":\"es\",\"@id\":\"https:\\\/\\\/www.fifv.cl\\\/2017\\\/dialogos-fotograficos\\\/#primaryimage\",\"url\":\"\",\"contentUrl\":\"\"},{\"@type\":\"BreadcrumbList\",\"@id\":\"https:\\\/\\\/www.fifv.cl\\\/2017\\\/dialogos-fotograficos\\\/#breadcrumb\",\"itemListElement\":[{\"@type\":\"ListItem\",\"position\":1,\"name\":\"Portada\",\"item\":\"https:\\\/\\\/www.fifv.cl\\\/2017\\\/\"},{\"@type\":\"ListItem\",\"position\":2,\"name\":\"Di\u00e1logos Fotogr\u00e1ficos\"}]},{\"@type\":\"WebSite\",\"@id\":\"https:\\\/\\\/www.fifv.cl\\\/2017\\\/#website\",\"url\":\"https:\\\/\\\/www.fifv.cl\\\/2017\\\/\",\"name\":\"Festival Internacional de Fotograf&iacute;a en Valpara&iacute;so | FIFV.cl\",\"description\":\"El FIFV, es un festival de creaci\u00f3n fotogr\u00e1fica que lo hace \u00fanico en su g\u00e9nero. Durante cada edici\u00f3n, las fot\u00f3grafas y los fot\u00f3grafos participan de un proceso de creaci\u00f3n en el cual todas las im\u00e1genes se producen en el marco de las residencias, los talleres y las brigadas fotogr\u00e1ficas, y tienen un hilo conductor: entender el mundo desde Valpara\u00edso.\",\"potentialAction\":[{\"@type\":\"SearchAction\",\"target\":{\"@type\":\"EntryPoint\",\"urlTemplate\":\"https:\\\/\\\/www.fifv.cl\\\/2017\\\/?s={search_term_string}\"},\"query-input\":{\"@type\":\"PropertyValueSpecification\",\"valueRequired\":true,\"valueName\":\"search_term_string\"}}],\"inLanguage\":\"es\"}]}<\/script>\n<!-- \/ Yoast SEO plugin. -->","yoast_head_json":{"title":"Di\u00e1logos Fotogr\u00e1ficos - Festival Internacional de Fotograf&iacute;a en Valpara&iacute;so | FIFV.cl","robots":{"index":"index","follow":"follow","max-snippet":"max-snippet:-1","max-image-preview":"max-image-preview:large","max-video-preview":"max-video-preview:-1"},"canonical":"https:\/\/www.fifv.cl\/2017\/dialogos-fotograficos\/","og_locale":"es_ES","og_type":"article","og_title":"Di\u00e1logos Fotogr\u00e1ficos - Festival Internacional de Fotograf&iacute;a en Valpara&iacute;so | FIFV.cl","og_description":"Cada a\u00f1o, el Festival Internacional de Fotograf\u00eda de Valpara\u00edso invita a distintas personalidades del \u00e1mbito de la fotograf\u00eda, fot\u00f3grafas y fot\u00f3grafos, curadores, investigadores, colectivos, editores a conversar con el p\u00fablico [&hellip;]","og_url":"https:\/\/www.fifv.cl\/2017\/dialogos-fotograficos\/","og_site_name":"Festival Internacional de Fotograf&iacute;a en Valpara&iacute;so | FIFV.cl","article_modified_time":"2017-10-25T12:26:18+00:00","twitter_card":"summary_large_image","schema":{"@context":"https:\/\/schema.org","@graph":[{"@type":"WebPage","@id":"https:\/\/www.fifv.cl\/2017\/dialogos-fotograficos\/","url":"https:\/\/www.fifv.cl\/2017\/dialogos-fotograficos\/","name":"Di\u00e1logos Fotogr\u00e1ficos - Festival Internacional de Fotograf&iacute;a en Valpara&iacute;so | FIFV.cl","isPartOf":{"@id":"https:\/\/www.fifv.cl\/2017\/#website"},"primaryImageOfPage":{"@id":"https:\/\/www.fifv.cl\/2017\/dialogos-fotograficos\/#primaryimage"},"image":{"@id":"https:\/\/www.fifv.cl\/2017\/dialogos-fotograficos\/#primaryimage"},"thumbnailUrl":"","datePublished":"2015-10-05T05:43:43+00:00","dateModified":"2017-10-25T12:26:18+00:00","breadcrumb":{"@id":"https:\/\/www.fifv.cl\/2017\/dialogos-fotograficos\/#breadcrumb"},"inLanguage":"es","potentialAction":[{"@type":"ReadAction","target":["https:\/\/www.fifv.cl\/2017\/dialogos-fotograficos\/"]}]},{"@type":"ImageObject","inLanguage":"es","@id":"https:\/\/www.fifv.cl\/2017\/dialogos-fotograficos\/#primaryimage","url":"","contentUrl":""},{"@type":"BreadcrumbList","@id":"https:\/\/www.fifv.cl\/2017\/dialogos-fotograficos\/#breadcrumb","itemListElement":[{"@type":"ListItem","position":1,"name":"Portada","item":"https:\/\/www.fifv.cl\/2017\/"},{"@type":"ListItem","position":2,"name":"Di\u00e1logos Fotogr\u00e1ficos"}]},{"@type":"WebSite","@id":"https:\/\/www.fifv.cl\/2017\/#website","url":"https:\/\/www.fifv.cl\/2017\/","name":"Festival Internacional de Fotograf&iacute;a en Valpara&iacute;so | FIFV.cl","description":"El FIFV, es un festival de creaci\u00f3n fotogr\u00e1fica que lo hace \u00fanico en su g\u00e9nero. Durante cada edici\u00f3n, las fot\u00f3grafas y los fot\u00f3grafos participan de un proceso de creaci\u00f3n en el cual todas las im\u00e1genes se producen en el marco de las residencias, los talleres y las brigadas fotogr\u00e1ficas, y tienen un hilo conductor: entender el mundo desde Valpara\u00edso.","potentialAction":[{"@type":"SearchAction","target":{"@type":"EntryPoint","urlTemplate":"https:\/\/www.fifv.cl\/2017\/?s={search_term_string}"},"query-input":{"@type":"PropertyValueSpecification","valueRequired":true,"valueName":"search_term_string"}}],"inLanguage":"es"}]}},"_links":{"self":[{"href":"https:\/\/www.fifv.cl\/2017\/wp-json\/wp\/v2\/pages\/15","targetHints":{"allow":["GET"]}}],"collection":[{"href":"https:\/\/www.fifv.cl\/2017\/wp-json\/wp\/v2\/pages"}],"about":[{"href":"https:\/\/www.fifv.cl\/2017\/wp-json\/wp\/v2\/types\/page"}],"author":[{"embeddable":true,"href":"https:\/\/www.fifv.cl\/2017\/wp-json\/wp\/v2\/users\/1"}],"replies":[{"embeddable":true,"href":"https:\/\/www.fifv.cl\/2017\/wp-json\/wp\/v2\/comments?post=15"}],"version-history":[{"count":20,"href":"https:\/\/www.fifv.cl\/2017\/wp-json\/wp\/v2\/pages\/15\/revisions"}],"predecessor-version":[{"id":5971,"href":"https:\/\/www.fifv.cl\/2017\/wp-json\/wp\/v2\/pages\/15\/revisions\/5971"}],"wp:featuredmedia":[{"embeddable":true,"href":"https:\/\/www.fifv.cl\/2017\/wp-json\/"}],"wp:attachment":[{"href":"https:\/\/www.fifv.cl\/2017\/wp-json\/wp\/v2\/media?parent=15"}],"curies":[{"name":"wp","href":"https:\/\/api.w.org\/{rel}","templated":true}]}}