{"id":1116,"date":"2015-10-30T01:14:18","date_gmt":"2015-10-30T04:14:18","guid":{"rendered":"http:\/\/www.fifv.cl\/2015\/?page_id=1116"},"modified":"2017-11-28T12:56:22","modified_gmt":"2017-11-28T12:56:22","slug":"videos","status":"publish","type":"page","link":"https:\/\/www.fifv.cl\/2017\/videos\/","title":{"rendered":"Videos"},"content":{"rendered":"<h2>Workshop Intervenci\u00f3n y documento de Santiago Escobar Jaramilllo<\/h2>\n<p><iframe loading=\"lazy\" style=\"border: none; overflow: hidden;\" src=\"https:\/\/www.facebook.com\/plugins\/video.php?href=https%3A%2F%2Fwww.facebook.com%2Ffestival.internacional.fotografia.valparaiso%2Fvideos%2F1821712707863303%2F&amp;show_text=0&amp;width=560\" width=\"560\" height=\"315\" frameborder=\"0\" scrolling=\"no\" allowfullscreen=\"allowfullscreen\"><\/iframe><\/p>\n<h2>Revista FIFV 2017 en Imprenta<\/h2>\n<p><iframe loading=\"lazy\" src=\"https:\/\/www.youtube.com\/embed\/cMpYyX_x8Oc\" width=\"560\" height=\"315\" frameborder=\"0\" allowfullscreen=\"allowfullscreen\"><\/iframe><\/p>\n<h2>Exposici\u00f3n de Fotolibros en Calle Brasil<\/h2>\n<p><iframe loading=\"lazy\" src=\"https:\/\/www.youtube.com\/embed\/r3i1EZ24jpE\" width=\"560\" height=\"315\" frameborder=\"0\" allowfullscreen=\"allowfullscreen\"><\/iframe><\/p>\n<h2>Di\u00e1logos Fotogr\u00e1ficos<\/h2>\n<p><iframe loading=\"lazy\" src=\"https:\/\/www.youtube.com\/embed\/rBp-oKWUsJA\" width=\"560\" height=\"315\" frameborder=\"0\" allowfullscreen=\"allowfullscreen\"><\/iframe><\/p>\n<h2>Workshop Walter Astrada<\/h2>\n<p><iframe loading=\"lazy\" src=\"https:\/\/www.youtube.com\/embed\/4UmTP1goYJc\" width=\"560\" height=\"315\" frameborder=\"0\" allowfullscreen=\"allowfullscreen\"><\/iframe><\/p>\n<h2>D\u00eda 01 \u2013 Presentaci\u00f3n \u00c1ngel Parra Orrego<\/h2>\n<p><iframe loading=\"lazy\" src=\"https:\/\/www.youtube.com\/embed\/o2kDA4ZOpOU\" width=\"560\" height=\"315\" frameborder=\"0\" allowfullscreen=\"allowfullscreen\"><\/iframe><\/p>\n<h2>D\u00eda 02 \u2013 Visionado de Portafolios #FIFV2017<\/h2>\n<p><iframe loading=\"lazy\" src=\"https:\/\/www.youtube.com\/embed\/6y6cLGOASZc\" width=\"560\" height=\"315\" frameborder=\"0\" allowfullscreen=\"allowfullscreen\"><\/iframe><\/p>\n<p>El 28 de octubre comenz\u00f3 el Visionado de Portafolios, a cargo de\u00a0<b>Smith <\/b><span style=\"font-weight: 400;\">(Francia), <\/span><b>Zolt\u00e1n Jok\u00e1y <\/b><span style=\"font-weight: 400;\">(Alemania), <\/span><b>Nicol\u00e1s Janowski <\/b><span style=\"font-weight: 400;\">(Argentina), <\/span><b>Walter Astrada <\/b><span style=\"font-weight: 400;\">(Argentina), <\/span><b>Romina Resuche <\/b><span style=\"font-weight: 400;\">(Argentina), <\/span><b>Carla M\u00f6ller <\/b><span style=\"font-weight: 400;\">(Chile), <\/span><b>Patricio Salinas <\/b><span style=\"font-weight: 400;\">(Chile) y <\/span><b>Rodrigo G\u00f3mez Rovira <\/b><span style=\"font-weight: 400;\">(Chile).<\/span><\/p>\n<p>Dejamos un compilado audiovisual de lo que fue el primer d\u00eda de esta actividad, que contin\u00faa y finaliza el 29 de octubre. Todo esto se lleva a cabo en el Parque Cultural de Valpara\u00edso.<\/p>\n<h2>D\u00eda 01 \u2013 Inauguraci\u00f3n #FIFV2017<\/h2>\n<p><iframe loading=\"lazy\" src=\"https:\/\/www.youtube.com\/embed\/n0EvtoXOHrs\" width=\"560\" height=\"315\" frameborder=\"0\" allowfullscreen=\"allowfullscreen\"><\/iframe><\/p>\n<p>Con todos los fot\u00f3grafos participantes del FIFV2017 fue iniciada la octava versi\u00f3n del Festival, que se tom\u00f3 las calles de Valpara\u00edso con exposiciones y una marcha desde el Muelle Prat hacia Avenida Brasil (frente a CasaPlan). El lienzo que gritaba <em>\u00ab\u00bfA qu\u00e9 distancia miramos la diferencia?\u00bb<\/em> fue llevado y liderado por las figuras de Mauricio Toro-Goya y Walter Astrada.<\/p>\n","protected":false},"excerpt":{"rendered":"<p>Workshop Intervenci\u00f3n y documento de Santiago Escobar Jaramilllo Revista FIFV 2017 en Imprenta Exposici\u00f3n de Fotolibros en Calle Brasil Di\u00e1logos Fotogr\u00e1ficos Workshop Walter Astrada D\u00eda 01 \u2013 Presentaci\u00f3n \u00c1ngel Parra [&hellip;]<\/p>\n","protected":false},"author":1,"featured_media":0,"parent":0,"menu_order":0,"comment_status":"closed","ping_status":"closed","template":"page-fifv-galerias.php","meta":{"footnotes":""},"class_list":["post-1116","page","type-page","status-publish","hentry"],"yoast_head":"<!-- This site is optimized with the Yoast SEO plugin v27.4 - https:\/\/yoast.com\/product\/yoast-seo-wordpress\/ -->\n<title>Videos - Festival Internacional de Fotograf&iacute;a en Valpara&iacute;so | FIFV.cl<\/title>\n<meta name=\"robots\" content=\"index, follow, max-snippet:-1, max-image-preview:large, max-video-preview:-1\" \/>\n<link rel=\"canonical\" href=\"https:\/\/www.fifv.cl\/2017\/videos\/\" \/>\n<meta property=\"og:locale\" content=\"es_ES\" \/>\n<meta property=\"og:type\" content=\"article\" \/>\n<meta property=\"og:title\" content=\"Videos - Festival Internacional de Fotograf&iacute;a en Valpara&iacute;so | FIFV.cl\" \/>\n<meta property=\"og:description\" content=\"Workshop Intervenci\u00f3n y documento de Santiago Escobar Jaramilllo Revista FIFV 2017 en Imprenta Exposici\u00f3n de Fotolibros en Calle Brasil Di\u00e1logos Fotogr\u00e1ficos Workshop Walter Astrada D\u00eda 01 \u2013 Presentaci\u00f3n \u00c1ngel Parra [&hellip;]\" \/>\n<meta property=\"og:url\" content=\"https:\/\/www.fifv.cl\/2017\/videos\/\" \/>\n<meta property=\"og:site_name\" content=\"Festival Internacional de Fotograf&iacute;a en Valpara&iacute;so | FIFV.cl\" \/>\n<meta property=\"article:modified_time\" content=\"2017-11-28T12:56:22+00:00\" \/>\n<meta name=\"twitter:card\" content=\"summary_large_image\" \/>\n<meta name=\"twitter:label1\" content=\"Tiempo de lectura\" \/>\n\t<meta name=\"twitter:data1\" content=\"1 minuto\" \/>\n<script type=\"application\/ld+json\" class=\"yoast-schema-graph\">{\"@context\":\"https:\\\/\\\/schema.org\",\"@graph\":[{\"@type\":\"WebPage\",\"@id\":\"https:\\\/\\\/www.fifv.cl\\\/2017\\\/videos\\\/\",\"url\":\"https:\\\/\\\/www.fifv.cl\\\/2017\\\/videos\\\/\",\"name\":\"Videos - Festival Internacional de Fotograf&iacute;a en Valpara&iacute;so | FIFV.cl\",\"isPartOf\":{\"@id\":\"https:\\\/\\\/www.fifv.cl\\\/2017\\\/#website\"},\"datePublished\":\"2015-10-30T04:14:18+00:00\",\"dateModified\":\"2017-11-28T12:56:22+00:00\",\"breadcrumb\":{\"@id\":\"https:\\\/\\\/www.fifv.cl\\\/2017\\\/videos\\\/#breadcrumb\"},\"inLanguage\":\"es\",\"potentialAction\":[{\"@type\":\"ReadAction\",\"target\":[\"https:\\\/\\\/www.fifv.cl\\\/2017\\\/videos\\\/\"]}]},{\"@type\":\"BreadcrumbList\",\"@id\":\"https:\\\/\\\/www.fifv.cl\\\/2017\\\/videos\\\/#breadcrumb\",\"itemListElement\":[{\"@type\":\"ListItem\",\"position\":1,\"name\":\"Portada\",\"item\":\"https:\\\/\\\/www.fifv.cl\\\/2017\\\/\"},{\"@type\":\"ListItem\",\"position\":2,\"name\":\"Videos\"}]},{\"@type\":\"WebSite\",\"@id\":\"https:\\\/\\\/www.fifv.cl\\\/2017\\\/#website\",\"url\":\"https:\\\/\\\/www.fifv.cl\\\/2017\\\/\",\"name\":\"Festival Internacional de Fotograf&iacute;a en Valpara&iacute;so | FIFV.cl\",\"description\":\"El FIFV, es un festival de creaci\u00f3n fotogr\u00e1fica que lo hace \u00fanico en su g\u00e9nero. Durante cada edici\u00f3n, las fot\u00f3grafas y los fot\u00f3grafos participan de un proceso de creaci\u00f3n en el cual todas las im\u00e1genes se producen en el marco de las residencias, los talleres y las brigadas fotogr\u00e1ficas, y tienen un hilo conductor: entender el mundo desde Valpara\u00edso.\",\"potentialAction\":[{\"@type\":\"SearchAction\",\"target\":{\"@type\":\"EntryPoint\",\"urlTemplate\":\"https:\\\/\\\/www.fifv.cl\\\/2017\\\/?s={search_term_string}\"},\"query-input\":{\"@type\":\"PropertyValueSpecification\",\"valueRequired\":true,\"valueName\":\"search_term_string\"}}],\"inLanguage\":\"es\"}]}<\/script>\n<!-- \/ Yoast SEO plugin. -->","yoast_head_json":{"title":"Videos - Festival Internacional de Fotograf&iacute;a en Valpara&iacute;so | FIFV.cl","robots":{"index":"index","follow":"follow","max-snippet":"max-snippet:-1","max-image-preview":"max-image-preview:large","max-video-preview":"max-video-preview:-1"},"canonical":"https:\/\/www.fifv.cl\/2017\/videos\/","og_locale":"es_ES","og_type":"article","og_title":"Videos - Festival Internacional de Fotograf&iacute;a en Valpara&iacute;so | FIFV.cl","og_description":"Workshop Intervenci\u00f3n y documento de Santiago Escobar Jaramilllo Revista FIFV 2017 en Imprenta Exposici\u00f3n de Fotolibros en Calle Brasil Di\u00e1logos Fotogr\u00e1ficos Workshop Walter Astrada D\u00eda 01 \u2013 Presentaci\u00f3n \u00c1ngel Parra [&hellip;]","og_url":"https:\/\/www.fifv.cl\/2017\/videos\/","og_site_name":"Festival Internacional de Fotograf&iacute;a en Valpara&iacute;so | FIFV.cl","article_modified_time":"2017-11-28T12:56:22+00:00","twitter_card":"summary_large_image","twitter_misc":{"Tiempo de lectura":"1 minuto"},"schema":{"@context":"https:\/\/schema.org","@graph":[{"@type":"WebPage","@id":"https:\/\/www.fifv.cl\/2017\/videos\/","url":"https:\/\/www.fifv.cl\/2017\/videos\/","name":"Videos - Festival Internacional de Fotograf&iacute;a en Valpara&iacute;so | FIFV.cl","isPartOf":{"@id":"https:\/\/www.fifv.cl\/2017\/#website"},"datePublished":"2015-10-30T04:14:18+00:00","dateModified":"2017-11-28T12:56:22+00:00","breadcrumb":{"@id":"https:\/\/www.fifv.cl\/2017\/videos\/#breadcrumb"},"inLanguage":"es","potentialAction":[{"@type":"ReadAction","target":["https:\/\/www.fifv.cl\/2017\/videos\/"]}]},{"@type":"BreadcrumbList","@id":"https:\/\/www.fifv.cl\/2017\/videos\/#breadcrumb","itemListElement":[{"@type":"ListItem","position":1,"name":"Portada","item":"https:\/\/www.fifv.cl\/2017\/"},{"@type":"ListItem","position":2,"name":"Videos"}]},{"@type":"WebSite","@id":"https:\/\/www.fifv.cl\/2017\/#website","url":"https:\/\/www.fifv.cl\/2017\/","name":"Festival Internacional de Fotograf&iacute;a en Valpara&iacute;so | FIFV.cl","description":"El FIFV, es un festival de creaci\u00f3n fotogr\u00e1fica que lo hace \u00fanico en su g\u00e9nero. Durante cada edici\u00f3n, las fot\u00f3grafas y los fot\u00f3grafos participan de un proceso de creaci\u00f3n en el cual todas las im\u00e1genes se producen en el marco de las residencias, los talleres y las brigadas fotogr\u00e1ficas, y tienen un hilo conductor: entender el mundo desde Valpara\u00edso.","potentialAction":[{"@type":"SearchAction","target":{"@type":"EntryPoint","urlTemplate":"https:\/\/www.fifv.cl\/2017\/?s={search_term_string}"},"query-input":{"@type":"PropertyValueSpecification","valueRequired":true,"valueName":"search_term_string"}}],"inLanguage":"es"}]}},"_links":{"self":[{"href":"https:\/\/www.fifv.cl\/2017\/wp-json\/wp\/v2\/pages\/1116","targetHints":{"allow":["GET"]}}],"collection":[{"href":"https:\/\/www.fifv.cl\/2017\/wp-json\/wp\/v2\/pages"}],"about":[{"href":"https:\/\/www.fifv.cl\/2017\/wp-json\/wp\/v2\/types\/page"}],"author":[{"embeddable":true,"href":"https:\/\/www.fifv.cl\/2017\/wp-json\/wp\/v2\/users\/1"}],"replies":[{"embeddable":true,"href":"https:\/\/www.fifv.cl\/2017\/wp-json\/wp\/v2\/comments?post=1116"}],"version-history":[{"count":16,"href":"https:\/\/www.fifv.cl\/2017\/wp-json\/wp\/v2\/pages\/1116\/revisions"}],"predecessor-version":[{"id":8010,"href":"https:\/\/www.fifv.cl\/2017\/wp-json\/wp\/v2\/pages\/1116\/revisions\/8010"}],"wp:attachment":[{"href":"https:\/\/www.fifv.cl\/2017\/wp-json\/wp\/v2\/media?parent=1116"}],"curies":[{"name":"wp","href":"https:\/\/api.w.org\/{rel}","templated":true}]}}