{"id":11,"date":"2015-10-05T02:42:21","date_gmt":"2015-10-05T05:42:21","guid":{"rendered":"http:\/\/localhost\/fifv\/?page_id=11"},"modified":"2015-10-05T02:42:21","modified_gmt":"2015-10-05T05:42:21","slug":"exposiciones","status":"publish","type":"page","link":"https:\/\/www.fifv.cl\/2017\/exposiciones\/","title":{"rendered":"Exposiciones"},"content":{"rendered":"","protected":false},"excerpt":{"rendered":"","protected":false},"author":1,"featured_media":0,"parent":0,"menu_order":2,"comment_status":"closed","ping_status":"closed","template":"page-fifv-expo.php","meta":{"footnotes":""},"class_list":["post-11","page","type-page","status-publish","hentry"],"yoast_head":"<!-- This site is optimized with the Yoast SEO plugin v27.4 - https:\/\/yoast.com\/product\/yoast-seo-wordpress\/ -->\n<title>Exposiciones - Festival Internacional de Fotograf&iacute;a en Valpara&iacute;so | FIFV.cl<\/title>\n<meta name=\"robots\" content=\"index, follow, max-snippet:-1, max-image-preview:large, max-video-preview:-1\" \/>\n<link rel=\"canonical\" href=\"https:\/\/www.fifv.cl\/2017\/exposiciones\/\" \/>\n<meta property=\"og:locale\" content=\"es_ES\" \/>\n<meta property=\"og:type\" content=\"article\" \/>\n<meta property=\"og:title\" content=\"Exposiciones - Festival Internacional de Fotograf&iacute;a en Valpara&iacute;so | FIFV.cl\" \/>\n<meta property=\"og:url\" content=\"https:\/\/www.fifv.cl\/2017\/exposiciones\/\" \/>\n<meta property=\"og:site_name\" content=\"Festival Internacional de Fotograf&iacute;a en Valpara&iacute;so | FIFV.cl\" \/>\n<meta name=\"twitter:card\" content=\"summary_large_image\" \/>\n<script type=\"application\/ld+json\" class=\"yoast-schema-graph\">{\"@context\":\"https:\\\/\\\/schema.org\",\"@graph\":[{\"@type\":\"WebPage\",\"@id\":\"https:\\\/\\\/www.fifv.cl\\\/2017\\\/exposiciones\\\/\",\"url\":\"https:\\\/\\\/www.fifv.cl\\\/2017\\\/exposiciones\\\/\",\"name\":\"Exposiciones - Festival Internacional de Fotograf&iacute;a en Valpara&iacute;so | FIFV.cl\",\"isPartOf\":{\"@id\":\"https:\\\/\\\/www.fifv.cl\\\/2017\\\/#website\"},\"datePublished\":\"2015-10-05T05:42:21+00:00\",\"breadcrumb\":{\"@id\":\"https:\\\/\\\/www.fifv.cl\\\/2017\\\/exposiciones\\\/#breadcrumb\"},\"inLanguage\":\"es\",\"potentialAction\":[{\"@type\":\"ReadAction\",\"target\":[\"https:\\\/\\\/www.fifv.cl\\\/2017\\\/exposiciones\\\/\"]}]},{\"@type\":\"BreadcrumbList\",\"@id\":\"https:\\\/\\\/www.fifv.cl\\\/2017\\\/exposiciones\\\/#breadcrumb\",\"itemListElement\":[{\"@type\":\"ListItem\",\"position\":1,\"name\":\"Portada\",\"item\":\"https:\\\/\\\/www.fifv.cl\\\/2017\\\/\"},{\"@type\":\"ListItem\",\"position\":2,\"name\":\"Exposiciones\"}]},{\"@type\":\"WebSite\",\"@id\":\"https:\\\/\\\/www.fifv.cl\\\/2017\\\/#website\",\"url\":\"https:\\\/\\\/www.fifv.cl\\\/2017\\\/\",\"name\":\"Festival Internacional de Fotograf&iacute;a en Valpara&iacute;so | FIFV.cl\",\"description\":\"El FIFV, es un festival de creaci\u00f3n fotogr\u00e1fica que lo hace \u00fanico en su g\u00e9nero. Durante cada edici\u00f3n, las fot\u00f3grafas y los fot\u00f3grafos participan de un proceso de creaci\u00f3n en el cual todas las im\u00e1genes se producen en el marco de las residencias, los talleres y las brigadas fotogr\u00e1ficas, y tienen un hilo conductor: entender el mundo desde Valpara\u00edso.\",\"potentialAction\":[{\"@type\":\"SearchAction\",\"target\":{\"@type\":\"EntryPoint\",\"urlTemplate\":\"https:\\\/\\\/www.fifv.cl\\\/2017\\\/?s={search_term_string}\"},\"query-input\":{\"@type\":\"PropertyValueSpecification\",\"valueRequired\":true,\"valueName\":\"search_term_string\"}}],\"inLanguage\":\"es\"}]}<\/script>\n<!-- \/ Yoast SEO plugin. -->","yoast_head_json":{"title":"Exposiciones - Festival Internacional de Fotograf&iacute;a en Valpara&iacute;so | FIFV.cl","robots":{"index":"index","follow":"follow","max-snippet":"max-snippet:-1","max-image-preview":"max-image-preview:large","max-video-preview":"max-video-preview:-1"},"canonical":"https:\/\/www.fifv.cl\/2017\/exposiciones\/","og_locale":"es_ES","og_type":"article","og_title":"Exposiciones - Festival Internacional de Fotograf&iacute;a en Valpara&iacute;so | FIFV.cl","og_url":"https:\/\/www.fifv.cl\/2017\/exposiciones\/","og_site_name":"Festival Internacional de Fotograf&iacute;a en Valpara&iacute;so | FIFV.cl","twitter_card":"summary_large_image","schema":{"@context":"https:\/\/schema.org","@graph":[{"@type":"WebPage","@id":"https:\/\/www.fifv.cl\/2017\/exposiciones\/","url":"https:\/\/www.fifv.cl\/2017\/exposiciones\/","name":"Exposiciones - Festival Internacional de Fotograf&iacute;a en Valpara&iacute;so | FIFV.cl","isPartOf":{"@id":"https:\/\/www.fifv.cl\/2017\/#website"},"datePublished":"2015-10-05T05:42:21+00:00","breadcrumb":{"@id":"https:\/\/www.fifv.cl\/2017\/exposiciones\/#breadcrumb"},"inLanguage":"es","potentialAction":[{"@type":"ReadAction","target":["https:\/\/www.fifv.cl\/2017\/exposiciones\/"]}]},{"@type":"BreadcrumbList","@id":"https:\/\/www.fifv.cl\/2017\/exposiciones\/#breadcrumb","itemListElement":[{"@type":"ListItem","position":1,"name":"Portada","item":"https:\/\/www.fifv.cl\/2017\/"},{"@type":"ListItem","position":2,"name":"Exposiciones"}]},{"@type":"WebSite","@id":"https:\/\/www.fifv.cl\/2017\/#website","url":"https:\/\/www.fifv.cl\/2017\/","name":"Festival Internacional de Fotograf&iacute;a en Valpara&iacute;so | FIFV.cl","description":"El FIFV, es un festival de creaci\u00f3n fotogr\u00e1fica que lo hace \u00fanico en su g\u00e9nero. Durante cada edici\u00f3n, las fot\u00f3grafas y los fot\u00f3grafos participan de un proceso de creaci\u00f3n en el cual todas las im\u00e1genes se producen en el marco de las residencias, los talleres y las brigadas fotogr\u00e1ficas, y tienen un hilo conductor: entender el mundo desde Valpara\u00edso.","potentialAction":[{"@type":"SearchAction","target":{"@type":"EntryPoint","urlTemplate":"https:\/\/www.fifv.cl\/2017\/?s={search_term_string}"},"query-input":{"@type":"PropertyValueSpecification","valueRequired":true,"valueName":"search_term_string"}}],"inLanguage":"es"}]}},"_links":{"self":[{"href":"https:\/\/www.fifv.cl\/2017\/wp-json\/wp\/v2\/pages\/11","targetHints":{"allow":["GET"]}}],"collection":[{"href":"https:\/\/www.fifv.cl\/2017\/wp-json\/wp\/v2\/pages"}],"about":[{"href":"https:\/\/www.fifv.cl\/2017\/wp-json\/wp\/v2\/types\/page"}],"author":[{"embeddable":true,"href":"https:\/\/www.fifv.cl\/2017\/wp-json\/wp\/v2\/users\/1"}],"replies":[{"embeddable":true,"href":"https:\/\/www.fifv.cl\/2017\/wp-json\/wp\/v2\/comments?post=11"}],"version-history":[{"count":0,"href":"https:\/\/www.fifv.cl\/2017\/wp-json\/wp\/v2\/pages\/11\/revisions"}],"wp:attachment":[{"href":"https:\/\/www.fifv.cl\/2017\/wp-json\/wp\/v2\/media?parent=11"}],"curies":[{"name":"wp","href":"https:\/\/api.w.org\/{rel}","templated":true}]}}