{"id":330,"date":"2015-10-22T01:16:36","date_gmt":"2015-10-22T04:16:36","guid":{"rendered":"http:\/\/www.fifv.cl\/2015-final\/?page_id=330"},"modified":"2016-02-02T13:31:59","modified_gmt":"2016-02-02T16:31:59","slug":"laboratorio-editorial","status":"publish","type":"page","link":"https:\/\/www.fifv.cl\/2015\/laboratorio-editorial\/","title":{"rendered":"Laboratorio Editorial"},"content":{"rendered":"<p>Como cada a\u00f1o, el FIFV contar\u00e1 con su Laboratorio Editorial ubicado en el Parque Cultural de Valpara\u00edso, abierto a todo p\u00fablico, para que los asistentes sean testigos del proceso de realizaci\u00f3n de las piezas antes del resultado final. Como el FIFV es un festival de creaci\u00f3n, el equipo del Laboratorio Editorial trabaja d\u00eda y noche, imprimiendo todo el nuevo material. Con el apoyo en el soporte de HP, el FIFV dispone de cuatro impresoras gran formato, de \u00faltima generaci\u00f3n, con las que imprime las fotograf\u00edas que se crean durante el festival, sin l\u00edmite de tama\u00f1o.<\/p>\n<p><strong>Cantidad de Papel:<\/strong> 800 m2.-<br \/>\n<strong>Cantidad de Tinta:<\/strong> 7.750 ml de Tinta.-<br \/>\n<strong>Impresora:<\/strong> \u00a0Impresora fotogr\u00e1fica HP Z6200 de 60 Pulgadas de ancho.-<br \/>\n<strong>Cantidad de Fotograf\u00edas:<\/strong>\u00a0300 fotograf\u00edas de distintos tama\u00f1os aproximadamente.-<br \/>\n<strong>Fotograf\u00eda m\u00e1s grande fue de 5&#215;5 mts.<\/strong> Ubicada en el muro del edificio de Difusi\u00f3n en el Parque Cultural de Valpara\u00edso.-<\/p>\n<div class=\"clearfix\">\n<h2>Galer\u00eda Laboratorio Editorial<\/h2>\n<p><img loading=\"lazy\" decoding=\"async\" class=\"alignnone size-full wp-image-2259\" src=\"http:\/\/www.fifv.cl\/2015\/wp-content\/uploads\/2015\/10\/MG_6353-FINAL1.jpg\" alt=\"_MG_6353 FINAL\" width=\"1500\" height=\"1000\" srcset=\"https:\/\/www.fifv.cl\/2015\/wp-content\/uploads\/2015\/10\/MG_6353-FINAL1.jpg 1500w, https:\/\/www.fifv.cl\/2015\/wp-content\/uploads\/2015\/10\/MG_6353-FINAL1-300x200.jpg 300w, https:\/\/www.fifv.cl\/2015\/wp-content\/uploads\/2015\/10\/MG_6353-FINAL1-1024x683.jpg 1024w, https:\/\/www.fifv.cl\/2015\/wp-content\/uploads\/2015\/10\/MG_6353-FINAL1-750x500.jpg 750w\" sizes=\"auto, (max-width: 1500px) 100vw, 1500px\" \/><\/p>\n<p><a href=\"http:\/\/www.fifv.cl\/2015\/wp-content\/uploads\/2015\/10\/MG_8888.jpg\"><img loading=\"lazy\" decoding=\"async\" class=\"alignnone size-full wp-image-2307\" src=\"http:\/\/www.fifv.cl\/2015\/wp-content\/uploads\/2015\/10\/MG_8888.jpg\" alt=\"_MG_8888\" width=\"732\" height=\"488\" srcset=\"https:\/\/www.fifv.cl\/2015\/wp-content\/uploads\/2015\/10\/MG_8888.jpg 732w, https:\/\/www.fifv.cl\/2015\/wp-content\/uploads\/2015\/10\/MG_8888-300x200.jpg 300w\" sizes=\"auto, (max-width: 732px) 100vw, 732px\" \/><\/a> <a href=\"http:\/\/www.fifv.cl\/2015\/wp-content\/uploads\/2015\/10\/MG_8890.jpg\"><img loading=\"lazy\" decoding=\"async\" class=\"alignnone size-full wp-image-2308\" src=\"http:\/\/www.fifv.cl\/2015\/wp-content\/uploads\/2015\/10\/MG_8890.jpg\" alt=\"_MG_8890\" width=\"732\" height=\"488\" srcset=\"https:\/\/www.fifv.cl\/2015\/wp-content\/uploads\/2015\/10\/MG_8890.jpg 732w, https:\/\/www.fifv.cl\/2015\/wp-content\/uploads\/2015\/10\/MG_8890-300x200.jpg 300w\" sizes=\"auto, (max-width: 732px) 100vw, 732px\" \/><\/a> <a href=\"http:\/\/www.fifv.cl\/2015\/wp-content\/uploads\/2015\/10\/MG_8892.jpg\"><img loading=\"lazy\" decoding=\"async\" class=\"alignnone size-full wp-image-2309\" src=\"http:\/\/www.fifv.cl\/2015\/wp-content\/uploads\/2015\/10\/MG_8892.jpg\" alt=\"_MG_8892\" width=\"732\" height=\"488\" srcset=\"https:\/\/www.fifv.cl\/2015\/wp-content\/uploads\/2015\/10\/MG_8892.jpg 732w, https:\/\/www.fifv.cl\/2015\/wp-content\/uploads\/2015\/10\/MG_8892-300x200.jpg 300w\" sizes=\"auto, (max-width: 732px) 100vw, 732px\" \/><\/a> <a href=\"http:\/\/www.fifv.cl\/2015\/wp-content\/uploads\/2015\/10\/MG_8898.jpg\"><img loading=\"lazy\" decoding=\"async\" class=\"alignnone size-full wp-image-2310\" src=\"http:\/\/www.fifv.cl\/2015\/wp-content\/uploads\/2015\/10\/MG_8898.jpg\" alt=\"_MG_8898\" width=\"732\" height=\"488\" srcset=\"https:\/\/www.fifv.cl\/2015\/wp-content\/uploads\/2015\/10\/MG_8898.jpg 732w, https:\/\/www.fifv.cl\/2015\/wp-content\/uploads\/2015\/10\/MG_8898-300x200.jpg 300w\" sizes=\"auto, (max-width: 732px) 100vw, 732px\" \/><\/a> <a href=\"http:\/\/www.fifv.cl\/2015\/wp-content\/uploads\/2015\/10\/MG_8901.jpg\"><img loading=\"lazy\" decoding=\"async\" class=\"alignnone size-full wp-image-2311\" src=\"http:\/\/www.fifv.cl\/2015\/wp-content\/uploads\/2015\/10\/MG_8901.jpg\" alt=\"_MG_8901\" width=\"732\" height=\"488\" srcset=\"https:\/\/www.fifv.cl\/2015\/wp-content\/uploads\/2015\/10\/MG_8901.jpg 732w, https:\/\/www.fifv.cl\/2015\/wp-content\/uploads\/2015\/10\/MG_8901-300x200.jpg 300w\" sizes=\"auto, (max-width: 732px) 100vw, 732px\" \/><\/a> <a href=\"http:\/\/www.fifv.cl\/2015\/wp-content\/uploads\/2015\/10\/MG_8903.jpg\"><img loading=\"lazy\" decoding=\"async\" class=\"alignnone size-full wp-image-2312\" src=\"http:\/\/www.fifv.cl\/2015\/wp-content\/uploads\/2015\/10\/MG_8903.jpg\" alt=\"_MG_8903\" width=\"732\" height=\"488\" srcset=\"https:\/\/www.fifv.cl\/2015\/wp-content\/uploads\/2015\/10\/MG_8903.jpg 732w, https:\/\/www.fifv.cl\/2015\/wp-content\/uploads\/2015\/10\/MG_8903-300x200.jpg 300w\" sizes=\"auto, (max-width: 732px) 100vw, 732px\" \/><\/a> <a href=\"http:\/\/www.fifv.cl\/2015\/wp-content\/uploads\/2015\/10\/MG_8909.jpg\"><img loading=\"lazy\" decoding=\"async\" class=\"alignnone size-full wp-image-2313\" src=\"http:\/\/www.fifv.cl\/2015\/wp-content\/uploads\/2015\/10\/MG_8909.jpg\" alt=\"_MG_8909\" width=\"732\" height=\"488\" srcset=\"https:\/\/www.fifv.cl\/2015\/wp-content\/uploads\/2015\/10\/MG_8909.jpg 732w, https:\/\/www.fifv.cl\/2015\/wp-content\/uploads\/2015\/10\/MG_8909-300x200.jpg 300w\" sizes=\"auto, (max-width: 732px) 100vw, 732px\" \/><\/a> <a href=\"http:\/\/www.fifv.cl\/2015\/wp-content\/uploads\/2015\/10\/MG_8911.jpg\"><img loading=\"lazy\" decoding=\"async\" class=\"alignnone size-full wp-image-2314\" src=\"http:\/\/www.fifv.cl\/2015\/wp-content\/uploads\/2015\/10\/MG_8911.jpg\" alt=\"_MG_8911\" width=\"732\" height=\"488\" srcset=\"https:\/\/www.fifv.cl\/2015\/wp-content\/uploads\/2015\/10\/MG_8911.jpg 732w, https:\/\/www.fifv.cl\/2015\/wp-content\/uploads\/2015\/10\/MG_8911-300x200.jpg 300w\" sizes=\"auto, (max-width: 732px) 100vw, 732px\" \/><\/a> <a href=\"http:\/\/www.fifv.cl\/2015\/wp-content\/uploads\/2015\/10\/MG_8917.jpg\"><img loading=\"lazy\" decoding=\"async\" class=\"alignnone size-full wp-image-2315\" src=\"http:\/\/www.fifv.cl\/2015\/wp-content\/uploads\/2015\/10\/MG_8917.jpg\" alt=\"_MG_8917\" width=\"732\" height=\"488\" srcset=\"https:\/\/www.fifv.cl\/2015\/wp-content\/uploads\/2015\/10\/MG_8917.jpg 732w, https:\/\/www.fifv.cl\/2015\/wp-content\/uploads\/2015\/10\/MG_8917-300x200.jpg 300w\" sizes=\"auto, (max-width: 732px) 100vw, 732px\" \/><\/a> <a href=\"http:\/\/www.fifv.cl\/2015\/wp-content\/uploads\/2015\/10\/MG_8919.jpg\"><img loading=\"lazy\" decoding=\"async\" class=\"alignnone size-full wp-image-2316\" src=\"http:\/\/www.fifv.cl\/2015\/wp-content\/uploads\/2015\/10\/MG_8919.jpg\" alt=\"_MG_8919\" width=\"732\" height=\"488\" srcset=\"https:\/\/www.fifv.cl\/2015\/wp-content\/uploads\/2015\/10\/MG_8919.jpg 732w, https:\/\/www.fifv.cl\/2015\/wp-content\/uploads\/2015\/10\/MG_8919-300x200.jpg 300w\" sizes=\"auto, (max-width: 732px) 100vw, 732px\" \/><\/a> <a href=\"http:\/\/www.fifv.cl\/2015\/wp-content\/uploads\/2015\/10\/MG_8935.jpg\"><img loading=\"lazy\" decoding=\"async\" class=\"alignnone size-full wp-image-2317\" src=\"http:\/\/www.fifv.cl\/2015\/wp-content\/uploads\/2015\/10\/MG_8935.jpg\" alt=\"_MG_8935\" width=\"732\" height=\"488\" srcset=\"https:\/\/www.fifv.cl\/2015\/wp-content\/uploads\/2015\/10\/MG_8935.jpg 732w, https:\/\/www.fifv.cl\/2015\/wp-content\/uploads\/2015\/10\/MG_8935-300x200.jpg 300w\" sizes=\"auto, (max-width: 732px) 100vw, 732px\" \/><\/a> <a href=\"http:\/\/www.fifv.cl\/2015\/wp-content\/uploads\/2015\/10\/MG_8947.jpg\"><img loading=\"lazy\" decoding=\"async\" class=\"alignnone size-full wp-image-2318\" src=\"http:\/\/www.fifv.cl\/2015\/wp-content\/uploads\/2015\/10\/MG_8947.jpg\" alt=\"_MG_8947\" width=\"732\" height=\"488\" srcset=\"https:\/\/www.fifv.cl\/2015\/wp-content\/uploads\/2015\/10\/MG_8947.jpg 732w, https:\/\/www.fifv.cl\/2015\/wp-content\/uploads\/2015\/10\/MG_8947-300x200.jpg 300w\" sizes=\"auto, (max-width: 732px) 100vw, 732px\" \/><\/a> <a href=\"http:\/\/www.fifv.cl\/2015\/wp-content\/uploads\/2015\/10\/MG_8954.jpg\"><img loading=\"lazy\" decoding=\"async\" class=\"alignnone size-full wp-image-2319\" src=\"http:\/\/www.fifv.cl\/2015\/wp-content\/uploads\/2015\/10\/MG_8954.jpg\" alt=\"_MG_8954\" width=\"732\" height=\"488\" srcset=\"https:\/\/www.fifv.cl\/2015\/wp-content\/uploads\/2015\/10\/MG_8954.jpg 732w, https:\/\/www.fifv.cl\/2015\/wp-content\/uploads\/2015\/10\/MG_8954-300x200.jpg 300w\" sizes=\"auto, (max-width: 732px) 100vw, 732px\" \/><\/a><\/p>\n<\/div>\n","protected":false},"excerpt":{"rendered":"<p>Como cada a\u00f1o, el FIFV contar\u00e1 con su Laboratorio Editorial ubicado en el Parque Cultural de Valpara\u00edso, abierto a todo p\u00fablico, para que los asistentes sean testigos del proceso de [&hellip;]<\/p>\n","protected":false},"author":2,"featured_media":1092,"parent":0,"menu_order":0,"comment_status":"closed","ping_status":"closed","template":"page-fifv-lab.php","meta":{"footnotes":""},"class_list":["post-330","page","type-page","status-publish","has-post-thumbnail","hentry"],"_links":{"self":[{"href":"https:\/\/www.fifv.cl\/2015\/wp-json\/wp\/v2\/pages\/330","targetHints":{"allow":["GET"]}}],"collection":[{"href":"https:\/\/www.fifv.cl\/2015\/wp-json\/wp\/v2\/pages"}],"about":[{"href":"https:\/\/www.fifv.cl\/2015\/wp-json\/wp\/v2\/types\/page"}],"author":[{"embeddable":true,"href":"https:\/\/www.fifv.cl\/2015\/wp-json\/wp\/v2\/users\/2"}],"replies":[{"embeddable":true,"href":"https:\/\/www.fifv.cl\/2015\/wp-json\/wp\/v2\/comments?post=330"}],"version-history":[{"count":11,"href":"https:\/\/www.fifv.cl\/2015\/wp-json\/wp\/v2\/pages\/330\/revisions"}],"predecessor-version":[{"id":2320,"href":"https:\/\/www.fifv.cl\/2015\/wp-json\/wp\/v2\/pages\/330\/revisions\/2320"}],"wp:featuredmedia":[{"embeddable":true,"href":"https:\/\/www.fifv.cl\/2015\/wp-json\/wp\/v2\/media\/1092"}],"wp:attachment":[{"href":"https:\/\/www.fifv.cl\/2015\/wp-json\/wp\/v2\/media?parent=330"}],"curies":[{"name":"wp","href":"https:\/\/api.w.org\/{rel}","templated":true}]}}