{"id":108,"date":"2012-11-01T11:47:02","date_gmt":"2012-11-01T14:47:02","guid":{"rendered":"http:\/\/www.fifv.cl\/2012\/?page_id=108"},"modified":"2012-11-07T19:04:57","modified_gmt":"2012-11-07T22:04:57","slug":"6-nov","status":"publish","type":"page","link":"https:\/\/www.fifv.cl\/2012\/6-nov\/","title":{"rendered":"6 de Noviembre"},"content":{"rendered":"<p>Fotograf\u00edas del Colectivo Niebla<\/p>\n<p>&nbsp;<\/p>\n<p>[shashin type=&#8221;albumphotos&#8221; id=&#8221;22&#8243; size=&#8221;small&#8221; crop=&#8221;n&#8221; columns=&#8221;5&#8243; caption=&#8221;n&#8221; order=&#8221;date&#8221; position=&#8221;center&#8221;]<\/p>\n<p>&nbsp;<\/p>\n<p><a href=\"http:\/\/www.facebook.com\/colectivov.fotografia\">Fotograf\u00edas del Colectivo V<\/a><\/p>\n<p>&nbsp;<\/p>\n<p>[shashin type=&#8221;albumphotos&#8221; id=&#8221;23&#8243; size=&#8221;small&#8221; crop=&#8221;n&#8221; columns=&#8221;5&#8243; caption=&#8221;n&#8221; order=&#8221;date&#8221; position=&#8221;center&#8221;]<\/p>\n<p>&nbsp;<\/p>\n<p>&nbsp;<\/p>\n<p><a href=\"https:\/\/www.facebook.com\/afivalparaiso.cl\" target=\"_blank\">Fotograf\u00edas de la Asociaci\u00f3n de Fot\u00f3grafos Independientes de Valpara\u00edso<\/a><\/p>\n<p>&nbsp;<\/p>\n<p>[shashin type=&#8221;albumphotos&#8221; id=&#8221;21&#8243; size=&#8221;small&#8221; crop=&#8221;n&#8221; columns=&#8221;5&#8243; caption=&#8221;n&#8221; order=&#8221;date&#8221; position=&#8221;center&#8221;]<\/p>\n<p>&nbsp;<\/p>\n<a href=\"http:\/\/www.fifv.cl\/2012\/wp-content\/uploads\/2012\/11\/6-nov1.jpg\"><img loading=\"lazy\" decoding=\"async\" class=\"aligncenter size-full wp-image-179\" title=\"6-nov\" src=\"http:\/\/www.fifv.cl\/2012\/wp-content\/uploads\/2012\/11\/6-nov1.jpg\" alt=\"\" width=\"600\" height=\"800\" srcset=\"https:\/\/www.fifv.cl\/2012\/wp-content\/uploads\/2012\/11\/6-nov1.jpg 600w, https:\/\/www.fifv.cl\/2012\/wp-content\/uploads\/2012\/11\/6-nov1-225x300.jpg 225w\" sizes=\"auto, (max-width: 600px) 100vw, 600px\" \/><\/a>\n","protected":false},"excerpt":{"rendered":"<p>Fotograf\u00edas del Colectivo Niebla &nbsp; [shashin type=&#8221;albumphotos&#8221; id=&#8221;22&#8243; size=&#8221;small&#8221; crop=&#8221;n&#8221; columns=&#8221;5&#8243; caption=&#8221;n&#8221; order=&#8221;date&#8221; position=&#8221;center&#8221;] &nbsp; Fotograf\u00edas del Colectivo V &nbsp;&#8230;  <a class=\"leermas\" href=\"https:\/\/www.fifv.cl\/2012\/6-nov\/\" title=\"Read 6 de Noviembre\">Leer M\u00e1s..<\/a><\/p>\n","protected":false},"author":1,"featured_media":0,"parent":0,"menu_order":0,"comment_status":"open","ping_status":"open","template":"","meta":{"footnotes":""},"class_list":["post-108","page","type-page","status-publish","hentry"],"_links":{"self":[{"href":"https:\/\/www.fifv.cl\/2012\/wp-json\/wp\/v2\/pages\/108","targetHints":{"allow":["GET"]}}],"collection":[{"href":"https:\/\/www.fifv.cl\/2012\/wp-json\/wp\/v2\/pages"}],"about":[{"href":"https:\/\/www.fifv.cl\/2012\/wp-json\/wp\/v2\/types\/page"}],"author":[{"embeddable":true,"href":"https:\/\/www.fifv.cl\/2012\/wp-json\/wp\/v2\/users\/1"}],"replies":[{"embeddable":true,"href":"https:\/\/www.fifv.cl\/2012\/wp-json\/wp\/v2\/comments?post=108"}],"version-history":[{"count":10,"href":"https:\/\/www.fifv.cl\/2012\/wp-json\/wp\/v2\/pages\/108\/revisions"}],"predecessor-version":[{"id":346,"href":"https:\/\/www.fifv.cl\/2012\/wp-json\/wp\/v2\/pages\/108\/revisions\/346"}],"wp:attachment":[{"href":"https:\/\/www.fifv.cl\/2012\/wp-json\/wp\/v2\/media?parent=108"}],"curies":[{"name":"wp","href":"https:\/\/api.w.org\/{rel}","templated":true}]}}