{"id":10,"date":"2012-10-26T15:12:10","date_gmt":"2012-10-26T18:12:10","guid":{"rendered":"http:\/\/localhost\/fifv2012wp\/?page_id=10"},"modified":"2012-11-03T19:58:06","modified_gmt":"2012-11-03T22:58:06","slug":"fifv","status":"publish","type":"page","link":"https:\/\/www.fifv.cl\/2012\/fifv\/","title":{"rendered":"FIFV"},"content":{"rendered":"<p>El Festival Internacional de Fotograf\u00eda en Valpara\u00edso es un lugar de encuentro con la fotograf\u00eda. Una plataforma editorial enfocada en la creaci\u00f3n de obra desde encargos tem\u00e1ticos, una propuesta de mostrar fotograf\u00eda en espacios p\u00fablicos sin af\u00e1n comercial.<\/p>\n<p>FiFV es una apuesta para entender la fotograf\u00eda como expresi\u00f3n de la Cultura, un espacio de exhibici\u00f3n, circulaci\u00f3n y formaci\u00f3n de audiencia.<\/p>\n<p>En su tercera versi\u00f3n, FiFV explora la relaci\u00f3n entre fotograf\u00eda y archivo desde diferentes perspectivas, una edici\u00f3n pensada como un homenaje a Sergio Larra\u00edn, gran fot\u00f3grafo chileno fallecido en febrero de este a\u00f1o.<\/p>\n","protected":false},"excerpt":{"rendered":"<p>El Festival Internacional de Fotograf\u00eda en Valpara\u00edso es un lugar de encuentro con la fotograf\u00eda. Una plataforma editorial enfocada en&#8230;  <a class=\"leermas\" href=\"https:\/\/www.fifv.cl\/2012\/fifv\/\" title=\"Read FIFV\">Leer M\u00e1s..<\/a><\/p>\n","protected":false},"author":1,"featured_media":0,"parent":0,"menu_order":0,"comment_status":"closed","ping_status":"closed","template":"","meta":{"footnotes":""},"class_list":["post-10","page","type-page","status-publish","hentry"],"_links":{"self":[{"href":"https:\/\/www.fifv.cl\/2012\/wp-json\/wp\/v2\/pages\/10","targetHints":{"allow":["GET"]}}],"collection":[{"href":"https:\/\/www.fifv.cl\/2012\/wp-json\/wp\/v2\/pages"}],"about":[{"href":"https:\/\/www.fifv.cl\/2012\/wp-json\/wp\/v2\/types\/page"}],"author":[{"embeddable":true,"href":"https:\/\/www.fifv.cl\/2012\/wp-json\/wp\/v2\/users\/1"}],"replies":[{"embeddable":true,"href":"https:\/\/www.fifv.cl\/2012\/wp-json\/wp\/v2\/comments?post=10"}],"version-history":[{"count":4,"href":"https:\/\/www.fifv.cl\/2012\/wp-json\/wp\/v2\/pages\/10\/revisions"}],"predecessor-version":[{"id":225,"href":"https:\/\/www.fifv.cl\/2012\/wp-json\/wp\/v2\/pages\/10\/revisions\/225"}],"wp:attachment":[{"href":"https:\/\/www.fifv.cl\/2012\/wp-json\/wp\/v2\/media?parent=10"}],"curies":[{"name":"wp","href":"https:\/\/api.w.org\/{rel}","templated":true}]}}